{"id":10966,"date":"2022-09-24T02:40:23","date_gmt":"2022-09-24T00:40:23","guid":{"rendered":"https:\/\/spanielcina.linguarte.sk\/jazykove-kurzy\/kurzy-slovenciny-pre-firmy\/"},"modified":"2023-08-08T07:03:58","modified_gmt":"2023-08-08T05:03:58","slug":"spanish-courses-for-companies","status":"publish","type":"page","link":"https:\/\/spanielcina.linguarte.sk\/en\/language-courses\/spanish-courses-for-companies\/","title":{"rendered":"Spanish Courses for companies"},"content":{"rendered":"<p>[vc_row css=&#8221;.vc_custom_1663979850818{padding-top: 100px !important;}&#8221;][vc_column width=&#8221;1\/2&#8243;][vc_column_text]Spanish courses for companies<\/p>\n<p>The competitiveness of companies depends on the preparation of their employees in essential areas such as language learning.<\/p>\n<p>Our Spanish program for companies trains people who need to learn the Spanish language as a tool for their professional work.<\/p>\n<p>This program facilitates interaction between co-workers in a friendly, professional environment with guaranteed results.[\/vc_column_text][\/vc_column][vc_column width=&#8221;1\/2&#8243;][vc_single_image image=&#8221;10432&#8243; img_size=&#8221;full&#8221;][\/vc_column][\/vc_row][vc_row css=&#8221;.vc_custom_1669863600430{padding-top: 60px !important;}&#8221;][vc_column][vc_custom_heading text=&#8221;CONTACT US&#8221; font_container=&#8221;tag:h2|text_align:center|line_height:150%25&#8243; use_theme_fonts=&#8221;yes&#8221; el_class=&#8221;unique-letter-spacing&#8221;][\/vc_column][\/vc_row][vc_row css=&#8221;.vc_custom_1669867235824{padding-top: 60px !important;padding-bottom: 30px !important;}&#8221;][vc_column width=&#8221;1\/3&#8243;]<div class=\"aio-icon-component   customheading style_1\"><div id=\"Info-box-wrap-6255\" class=\"aio-icon-box top-icon\" style=\"\"  ><div class=\"aio-icon-top\"><div class=\"ult-just-icon-wrapper  \"><div class=\"align-icon\" style=\"text-align:center;\">\n<div class=\"aio-icon circle \"  style=\"color:#ffffff;background:#00837f;font-size:42px;display:inline-block;\">\n\t<i class=\"Defaults-phone\"><\/i>\n<\/div><\/div><\/div><\/div><div class=\"aio-icon-header\" ><h3 class=\"aio-icon-title ult-responsive\"  data-ultimate-target='#Info-box-wrap-6255 .aio-icon-title'  data-responsive-json-new='{\"font-size\":\"\",\"line-height\":\"\"}'  style=\"\">CALL US<\/h3><\/div> <!-- header --><div class=\"aio-icon-description ult-responsive\"  data-ultimate-target='#Info-box-wrap-6255 .aio-icon-description'  data-responsive-json-new='{\"font-size\":\"\",\"line-height\":\"\"}'  style=\"\">Skype: linguarte.linguarte<br \/>\nPhone: + 421 908 859 404<\/div> <!-- description --><\/div> <!-- aio-icon-box --><\/div> <!-- aio-icon-component -->[\/vc_column][vc_column width=&#8221;1\/3&#8243;]<div class=\"aio-icon-component   customheading style_1\"><div id=\"Info-box-wrap-7025\" class=\"aio-icon-box top-icon\" style=\"\"  ><div class=\"aio-icon-top\"><div class=\"ult-just-icon-wrapper  \"><div class=\"align-icon\" style=\"text-align:center;\">\n<div class=\"aio-icon circle \"  style=\"color:#ffffff;background:#00837f;font-size:42px;display:inline-block;\">\n\t<i class=\"Defaults-envelope-o\"><\/i>\n<\/div><\/div><\/div><\/div><div class=\"aio-icon-header\" ><h3 class=\"aio-icon-title ult-responsive\"  data-ultimate-target='#Info-box-wrap-7025 .aio-icon-title'  data-responsive-json-new='{\"font-size\":\"\",\"line-height\":\"\"}'  style=\"\">TEXT US<\/h3><\/div> <!-- header --><div class=\"aio-icon-description ult-responsive\"  data-ultimate-target='#Info-box-wrap-7025 .aio-icon-description'  data-responsive-json-new='{\"font-size\":\"\",\"line-height\":\"\"}'  style=\"\">E-mail: contact@linguarte.sk<br \/>\nFacebook: facebook.com\/linguartesk<\/div> <!-- description --><\/div> <!-- aio-icon-box --><\/div> <!-- aio-icon-component -->[\/vc_column][vc_column width=&#8221;1\/3&#8243;]<div class=\"aio-icon-component   customheading style_1\"><div id=\"Info-box-wrap-9303\" class=\"aio-icon-box top-icon\" style=\"\"  ><div class=\"aio-icon-top\"><div class=\"ult-just-icon-wrapper  \"><div class=\"align-icon\" style=\"text-align:center;\">\n<div class=\"aio-icon circle \"  style=\"color:#ffffff;background:#00837f;font-size:42px;display:inline-block;\">\n\t<i class=\"Defaults-map-marker\"><\/i>\n<\/div><\/div><\/div><\/div><div class=\"aio-icon-header\" ><h3 class=\"aio-icon-title ult-responsive\"  data-ultimate-target='#Info-box-wrap-9303 .aio-icon-title'  data-responsive-json-new='{\"font-size\":\"\",\"line-height\":\"\"}'  style=\"\">ADDRESS<\/h3><\/div> <!-- header --><div class=\"aio-icon-description ult-responsive\"  data-ultimate-target='#Info-box-wrap-9303 .aio-icon-description'  data-responsive-json-new='{\"font-size\":\"\",\"line-height\":\"\"}'  style=\"\">Michalsk\u00e1 18-20<br \/>\n811 01\u00a0 Bratislava<\/div> <!-- description --><\/div> <!-- aio-icon-box --><\/div> <!-- aio-icon-component -->[\/vc_column][\/vc_row][vc_row bg_type=&#8221;bg_color&#8221; bg_override=&#8221;full&#8221; css=&#8221;.vc_custom_1673838553514{padding-top: 30px !important;padding-bottom: 30px !important;}&#8221; bg_color_value=&#8221;#fafafa&#8221;][vc_column][vc_custom_heading text=&#8221;JOIN OUR SPANISH COURSES!&#8221; font_container=&#8221;tag:h2|text_align:center|line_height:150%25&#8243; use_theme_fonts=&#8221;yes&#8221; el_class=&#8221;unique-letter-spacing&#8221;][\/vc_column][\/vc_row][vc_row bg_type=&#8221;bg_color&#8221; bg_override=&#8221;full&#8221; css=&#8221;.vc_custom_1673838536306{padding-top: 30px !important;padding-bottom: 60px !important;}&#8221; bg_color_value=&#8221;#fafafa&#8221;][vc_column width=&#8221;1\/2&#8243;][vc_custom_heading text=&#8221;Unique program for the company&#8221; font_container=&#8221;tag:h3|font_size:18|text_align:left|line_height:150%25&#8243; use_theme_fonts=&#8221;yes&#8221; el_class=&#8221;unique-letter-spacing&#8221;][vc_empty_space height=&#8221;30&#8243;][vc_column_text]Our Spanish classes are tailored-made to the unique needs of each company.<\/p>\n<p>We create a personalized Spanish program according to the themes and objectives of the company.<\/p>\n<p>Our Spanish program uses the Common European Framework of Reference for Languages as a reference.[\/vc_column_text][vc_empty_space height=&#8221;60&#8243;][vc_custom_heading text=&#8221;Demonstration Class&#8221; font_container=&#8221;tag:h3|font_size:18px|text_align:left|line_height:150%25&#8243; use_theme_fonts=&#8221;yes&#8221; el_class=&#8221;unique-letter-spacing&#8221;][vc_empty_space height=&#8221;30&#8243;][vc_column_text]The Spanish courses for companies include a free demo class.<\/p>\n<p>In this free Spanish lesson, the level of the participants is evaluated.<\/p>\n<p>Also in the demo lesson, it is shown how our teaching methodology works.[\/vc_column_text][vc_empty_space height=&#8221;60&#8243;][vc_custom_heading text=&#8221;Regular learning monitoring&#8221; font_container=&#8221;tag:h3|font_size:18px|text_align:left|line_height:150%25&#8243; use_theme_fonts=&#8221;yes&#8221; el_class=&#8221;unique-letter-spacing&#8221;][vc_empty_space height=&#8221;30&#8243;][vc_column_text]Our professors and team supervise the fulfilment of the objectives of the courses.<\/p>\n<p>This monitoring ensures student progress in each class.<\/p>\n<p>The company has continuous access to this information and can check weekly the progress of each Spanish class.[\/vc_column_text][\/vc_column][vc_column width=&#8221;1\/2&#8243;][vc_custom_heading text=&#8221;Progress Assessment&#8221; font_container=&#8221;tag:h3|font_size:18px|text_align:left|line_height:150%25&#8243; use_theme_fonts=&#8221;yes&#8221; el_class=&#8221;unique-letter-spacing&#8221;][vc_empty_space height=&#8221;30&#8243;][vc_column_text]Our school conducts tests during and at the end of each course.<\/p>\n<p>Each participant in the Spanish lessons is tested to determine the progress.<\/p>\n<p>At the end of each course, a performance report is delivered to the company.[\/vc_column_text][vc_empty_space height=&#8221;60&#8243;][vc_custom_heading text=&#8221;Flexible schedules and ways of learning.&#8221; font_container=&#8221;tag:h3|font_size:18px|text_align:left|line_height:150%25&#8243; use_theme_fonts=&#8221;yes&#8221; el_class=&#8221;unique-letter-spacing&#8221;][vc_empty_space height=&#8221;30&#8243;][vc_column_text]Our Spanish courses are flexible according to the needs of the company.<\/p>\n<p>Spanish classes can be in the morning or in the afternoon.<\/p>\n<p>They can also be face-to-face at the company&#8217;s offices or online.[\/vc_column_text][\/vc_column][\/vc_row][vc_row bg_type=&#8221;bg_color&#8221; bg_override=&#8221;full&#8221; bg_color_value=&#8221;#fafafa&#8221; css=&#8221;.vc_custom_1669859390766{padding-top: 30px !important;padding-bottom: 60px !important;}&#8221; el_id=&#8221;team&#8221;][vc_column][vc_custom_heading text=&#8221;OUR SPANISH TEACHERS&#8221; font_container=&#8221;tag:h2|text_align:center|line_height:150%25&#8243; use_theme_fonts=&#8221;yes&#8221; el_class=&#8221;unique-letter-spacing&#8221;][vc_empty_space height=&#8221;30px&#8221;][vc_row_inner][vc_column_inner width=&#8221;1\/4&#8243;][\/vc_column_inner][vc_column_inner width=&#8221;1\/2&#8243;][vc_column_text]<\/p>\n<p style=\"text-align: center;\">Our teachers are highly qualified and share something very important: a big motivation and a strong desire to make you speak a lot and give you a cultural experience through the language.<\/p>\n<p>[\/vc_column_text][\/vc_column_inner][vc_column_inner width=&#8221;1\/4&#8243;][\/vc_column_inner][\/vc_row_inner][vc_empty_space height=&#8221;60&#8243;]<div id=\"ult-carousel-330439017069eceb6a04e2f\" class=\"ult-carousel-wrapper   ult_horizontal\" data-gutter=\"15\" data-rtl=\"false\" ><div class=\"ult-carousel-386546881469eceb6a04c8d \" ><div class=\"aio-icon-component    style_1\"><div id=\"Info-box-wrap-3045\" class=\"aio-icon-box top-icon\" style=\"\"  ><div class=\"aio-icon-top\"><div class=\"ult-just-icon-wrapper  \"><div class=\"align-icon\" style=\"text-align:center;\">\n<div class=\"aio-icon-img \" style=\"font-size:180px;display:inline-block;\" >\n\t<img class=\"img-icon\" alt=\"null\" src=\"https:\/\/spanielcina.linguarte.sk\/wp-content\/uploads\/2020\/10\/Alejandro1sq.jpg\"\/>\n<\/div><\/div><\/div><\/div><div class=\"aio-icon-header\" ><h3 class=\"aio-icon-title ult-responsive\"  data-ultimate-target='#Info-box-wrap-3045 .aio-icon-title'  data-responsive-json-new='{\"font-size\":\"\",\"line-height\":\"\"}'  style=\"font-family:&#039;Raleway&#039;;font-weight:600;\">ALEJANDRO<\/h3><\/div> <!-- header --><div class=\"aio-icon-description ult-responsive\"  data-ultimate-target='#Info-box-wrap-3045 .aio-icon-description'  data-responsive-json-new='{\"font-size\":\"\",\"line-height\":\"\"}'  style=\"font-family:&#039;Open Sans&#039;;\">He\u2019s the creator of the Linguarte method and textbooks of the school. He loves art, literature, politics, playing guitar and travelling. He majored in Linguistics and Philology and has as mission to change the traditional way of teaching languages:<\/p>\n<p>\u201cLearning a language is a cultural experience that can change our lives. And we all can learn a new language, without the limitation of age or time. We just need the right method that adapts to our goals and interests, this is the essence of Linguarte\u201d.<\/div> <!-- description --><\/div> <!-- aio-icon-box --><\/div> <!-- aio-icon-component --><div class=\"aio-icon-component    style_1\"><div id=\"Info-box-wrap-8875\" class=\"aio-icon-box top-icon\" style=\"\"  ><div class=\"aio-icon-top\"><div class=\"ult-just-icon-wrapper  \"><div class=\"align-icon\" style=\"text-align:center;\">\n<div class=\"aio-icon-img \" style=\"font-size:180px;display:inline-block;\" >\n\t<img class=\"img-icon\" alt=\"null\" src=\"https:\/\/spanielcina.linguarte.sk\/wp-content\/uploads\/2020\/10\/Leosq.jpg\"\/>\n<\/div><\/div><\/div><\/div><div class=\"aio-icon-header\" ><h3 class=\"aio-icon-title ult-responsive\"  data-ultimate-target='#Info-box-wrap-8875 .aio-icon-title'  data-responsive-json-new='{\"font-size\":\"\",\"line-height\":\"\"}'  style=\"font-family:&#039;Raleway&#039;;font-weight:600;color:#2e2e2e;\">LEO<\/h3><\/div> <!-- header --><div class=\"aio-icon-description ult-responsive\"  data-ultimate-target='#Info-box-wrap-8875 .aio-icon-description'  data-responsive-json-new='{\"font-size\":\"\",\"line-height\":\"\"}'  style=\"font-family:&#039;Open Sans&#039;;\">He\u2019s Leandro, Spanish teacher but he is Leo for everyone. He is an Argentinean who lived also many years in Spain. He loves sports and outdoors activities. He is a positive and very happy teacher constantly studying more to become a better teacher:<\/p>\n<p>\u201cI enjoy the contact with the students, also the idea that teaching adapts to every person to make lessons enjoyable so people can see Spanish as a fun, happy and useful language.\u201d<\/div> <!-- description --><\/div> <!-- aio-icon-box --><\/div> <!-- aio-icon-component --><div class=\"aio-icon-component    style_1\"><div id=\"Info-box-wrap-7655\" class=\"aio-icon-box top-icon\" style=\"\"  ><div class=\"aio-icon-top\"><div class=\"ult-just-icon-wrapper  \"><div class=\"align-icon\" style=\"text-align:center;\">\n<div class=\"aio-icon-img \" style=\"font-size:180px;display:inline-block;\" >\n\t<img class=\"img-icon\" alt=\"null\" src=\"https:\/\/spanielcina.linguarte.sk\/wp-content\/uploads\/2023\/07\/pablo-sq.jpg\"\/>\n<\/div><\/div><\/div><\/div><div class=\"aio-icon-header\" ><h3 class=\"aio-icon-title ult-responsive\"  data-ultimate-target='#Info-box-wrap-7655 .aio-icon-title'  data-responsive-json-new='{\"font-size\":\"\",\"line-height\":\"\"}'  style=\"font-family:&#039;Raleway&#039;;font-weight:600;color:#2e2e2e;\">PABLO<\/h3><\/div> <!-- header --><div class=\"aio-icon-description ult-responsive\"  data-ultimate-target='#Info-box-wrap-7655 .aio-icon-description'  data-responsive-json-new='{\"font-size\":\"\",\"line-height\":\"\"}'  style=\"font-family:&#039;Open Sans&#039;;\">This is Pablo, a Spanish teacher from Seville, Spain. He loves meeting new cultures and traveling the world. Also, in his classes he transmits all his energy and positivity:<\/p>\n<p>\u201cI am a teacher because I love learning every day and meeting people who want to discover the world. Are you up for this adventure?<\/div> <!-- description --><\/div> <!-- aio-icon-box --><\/div> <!-- aio-icon-component --><\/div><\/div>\t\t\t<script type=\"text\/javascript\">\n\t\t\t\tjQuery(document).ready(function ($) {\n\t\t\t\t\tif( typeof jQuery('.ult-carousel-386546881469eceb6a04c8d').slick == \"function\"){\n\t\t\t\t\t\t$('.ult-carousel-386546881469eceb6a04c8d').slick({dots: true,autoplaySpeed: 5000,speed: 300,infinite: false,arrows: false,slidesToScroll:3,slidesToShow:3,swipe: true,draggable: true,touchMove: true,pauseOnHover: true,pauseOnFocus: false,responsive: [\n\t\t\t\t\t\t\t{\n\t\t\t\t\t\t\t  breakpoint: 1026,\n\t\t\t\t\t\t\t  settings: {\n\t\t\t\t\t\t\t\tslidesToShow: 3,\n\t\t\t\t\t\t\t\tslidesToScroll: 3,  \n\t\t\t\t\t\t\t  }\n\t\t\t\t\t\t\t},\n\t\t\t\t\t\t\t{\n\t\t\t\t\t\t\t  breakpoint: 1025,\n\t\t\t\t\t\t\t  settings: {\n\t\t\t\t\t\t\t\tslidesToShow: 3,\n\t\t\t\t\t\t\t\tslidesToScroll: 3\n\t\t\t\t\t\t\t  }\n\t\t\t\t\t\t\t},\n\t\t\t\t\t\t\t{\n\t\t\t\t\t\t\t  breakpoint: 760,\n\t\t\t\t\t\t\t  settings: {\n\t\t\t\t\t\t\t\tslidesToShow: 1,\n\t\t\t\t\t\t\t\tslidesToScroll: 1\n\t\t\t\t\t\t\t  }\n\t\t\t\t\t\t\t}\n\t\t\t\t\t\t],pauseOnDotsHover: true,customPaging: function(slider, i) {\n                   return '<i type=\"button\" style= \"color:#565656;\" class=\"ultsl-radio-unchecked\" data-role=\"none\"><\/i>';\n                },});\n\t\t\t\t\t}\n\t\t\t\t});\n\t\t\t<\/script>\n\t\t\t[\/vc_column][\/vc_row][vc_row css=&#8221;.vc_custom_1669842052951{padding-top: 30px !important;padding-bottom: 30px !important;}&#8221;][vc_column][vc_custom_heading text=&#8221;WHAT OUR CLIENTS SAY&#8221; font_container=&#8221;tag:h2|text_align:center|line_height:150%25&#8243; use_theme_fonts=&#8221;yes&#8221; el_class=&#8221;unique-letter-spacing&#8221;][vc_empty_space height=&#8221;30px&#8221;]<div id=\"testimonials-slider-1\" class=\"testimonials-style2 style-dark\"><ul class=\"slides styled-list\" style=\"max-height:750px;\" ><li class=\"testimonials-slide\"><div class=\"testimonials-slide-content container\"><div class=\"img-container\"><img title=\"Nina Valov\u00e1\" src=\"https:\/\/spanielcina.linguarte.sk\/wp-content\/uploads\/2017\/08\/client-nina-valova.jpg\" alt=\"Nina Valov\u00e1\"><\/div><div class=\"text-container\"><span class=\"t-author\">Nina Valov\u00e1<\/span><span class=\"testimonials_text_content\">I had to learn Spanish because I needed it just for my exams. However, after the first class at Linguarte school I felt motivated and able to speak because of its simple method and after a few weeks, I could talk more than after two years learning with standard methods. Thanks to Linguarte, I now love Spanish and I want to speak it all the time. Try Linguarte and you will see the difference immediately<\/span><\/div><\/div><\/li><li class=\"testimonials-slide\"><div class=\"testimonials-slide-content container\"><div class=\"img-container\"><img title=\"Kristina Cve\u010dkov\u00e1\" src=\"https:\/\/spanielcina.linguarte.sk\/wp-content\/uploads\/2017\/08\/client-kristina-cveckova.jpg\" alt=\"Kristina Cve\u010dkov\u00e1\"><\/div><div class=\"text-container\"><span class=\"t-author\">Kristina Cve\u010dkov\u00e1<\/span><span class=\"testimonials_text_content\">It\u2019s summer and I can speak Spanish on holiday! I started only a while ago taking lessons at Linguarte using its effective teaching method, but can already feel the progress. And the best about it is that it\u2019s fun. At Linguarte you don\u2019t waste time by exercise filling. I really recommend you study with Linguarte<\/span><\/div><\/div><\/li><li class=\"testimonials-slide\"><div class=\"testimonials-slide-content container\"><div class=\"img-container\"><img title=\"Patr\u00edcia Demovi\u010dov\u00e1\" src=\"https:\/\/spanielcina.linguarte.sk\/wp-content\/uploads\/2017\/08\/client-patricia-demovicova.jpg\" alt=\"Patr\u00edcia Demovi\u010dov\u00e1\"><\/div><div class=\"text-container\"><span class=\"t-author\">Patr\u00edcia Demovi\u010dov\u00e1<\/span><span class=\"testimonials_text_content\">The classes were very beneficial for me. The main method was the conversation, also complemented with other resources according to what I needed. We were talking about topics I chose or about the things happening in the world. The classes are made completely to fulfil the student's needs. The atmosphere was really friendly. Every time I had lessons I was leaving the classes happy and cleverer \ud83d\ude42<\/span><\/div><\/div><\/li><\/ul><\/div>\n\t\t\t<script type=\"text\/javascript\">\n\t\t\t  jQuery(document).ready(function(){\n\t\t\t\t\tvar who = jQuery('#testimonials-slider-1 ul.slides');\n\t\t\t\t\n\t\t\t\t\tvar opts = ['slide','horizontal','yes','3500','1000','yes','yes','yes','dark'];\n\t\t\t\t\n\t\t\t\t\tif (opts[2] == 'yes') opts[2] = true; else opts[2] = false;\n\t\t\t\t\tif (opts[5] == 'yes') {\n\t\t\t\t\t\topts[5] = true;\n\t\t\t\t\t} else opts[5] = false;\n\t\t\t\t\tif (opts[6] == 'yes') {\n\t\t\t\t\t\topts[6] = true;\n\t\t\t\t\t} else opts[6] = false;\n\t\t\t\t\tif (opts[7] == 'yes') opts[7] = true; else opts[7] = false;\t\t\t\t\n\t\t\t\t\tif (opts[0] == 'fade') opts[0] = true; else opts[0] = false;\n\t\t\t\t\n\t\t\t\t\twho.slick({\n\t\t\t\t\t\tfade: opts[0],\n\t\t\t\t\t\tdots: opts[6], \n\t\t\t\t\t\tautoplay: opts[2], \n\t\t\t\t\t\tautoplaySpeed:opts[3], speed:opts[4], infinite: true,\n\t\t\t\t\t\tarrows: opts[5],\n\t\t\t\t\t\tadaptiveHeight:true,\n\t\t\t\t\t\tnextArrow:'<button type=\"button\" style=\"color:#333333; font-size:24px;\" class=\"slick-next default\"><i class=\"ultsl-arrow-right6\"><\/i><\/button>',\n\t\t\t\t\t\tprevArrow:'<button type=\"button\" style=\"color:#333333; font-size:24px;\" class=\"slick-prev default\"><i class=\"ultsl-arrow-left6\"><\/i><\/button>',\n\t\t\t\t\t\tswipe:true,\n\t\t\t\t\t\tdraggable:true,\n\t\t\t\t\t\ttouchMove:true,\n\t\t\t\t\t\tslidesToScroll: 1,\n\t\t\t\t\t\tslidesToShow: 1,\n\t\t\t\t\t\tpauseOnHover:opts[7],\n\t\t\t\t\t\tpauseOnDotsHover:opts[7],\n\t\t\t\t\t\tcustomPaging:function(slider,i){\n\t\t\t\t\t\t\treturn'<i type=\"button\" style=\"color:#333333;\" class=\"ultsl-record\" data-role=\"none\"><\/i>';\n\t\t\t\t\t\t}\n\t\t\t\t\t});\n\t\t\t\t\n\t\t\t  });\n\t\t\t  <\/script>[vc_empty_space height=&#8221;60&#8243;][vc_btn title=&#8221;MORE REVIEWS AT OUR FACEBOOK&#8221; style=&#8221;custom&#8221; custom_background=&#8221;#e52812&#8243; custom_text=&#8221;#ffffff&#8221; align=&#8221;center&#8221; css_animation=&#8221;none&#8221; link=&#8221;url:https%3A%2F%2Fwww.facebook.com%2Flinguartesk%2Freviews&#8221; css=&#8221;.vc_custom_1677030943782{padding-right: 10px !important;padding-left: 10px !important;}&#8221;][\/vc_column][\/vc_row][vc_row css=&#8221;.vc_custom_1669842091749{padding-top: 60px !important;padding-bottom: 30px !important;}&#8221;][vc_column][vc_custom_heading text=&#8221;COMPANIES WE COOPERATE WITH&#8221; font_container=&#8221;tag:h2|text_align:center|line_height:150%25&#8243; use_theme_fonts=&#8221;yes&#8221; el_class=&#8221;unique-letter-spacing&#8221;][vc_empty_space height=&#8221;30px&#8221;]<div id=\"partners-1\" class=\"partners-container noscroller\"><div class=\"partner-item col-md-4\" style=\"height: 130px;line-height: 130px;\"><a target=\"_blank\" href=\"http:\/\/www.mufis.sk\/\" ><img title=\"Mufis\" src=\"https:\/\/spanielcina.linguarte.sk\/wp-content\/uploads\/2019\/01\/LOGO-MUFIS.jpg\" \/><\/a><\/div><div class=\"partner-item col-md-4\" style=\"height: 130px;line-height: 130px;\"><a target=\"_blank\" href=\"http:\/\/granvia.sk\/sk\/\" ><img title=\"Granvia\" src=\"https:\/\/spanielcina.linguarte.sk\/wp-content\/uploads\/2019\/01\/LOGO-GRANVIA.jpg\" \/><\/a><\/div><div class=\"partner-item col-md-4\" style=\"height: 130px;line-height: 130px;\"><a target=\"_blank\" href=\"https:\/\/www.fonadental.com\/\" ><img title=\"Fona\" src=\"https:\/\/spanielcina.linguarte.sk\/wp-content\/uploads\/2019\/01\/LOGO-FONA.jpg\" \/><\/a><\/div><\/div><script type=\"text\/javascript\">\n\t\t\t\t\t\tjQuery(document).ready(function(){ jQuery('#partners-1.withtooltip .partner-item a, #partners-1.withtooltip .carousel-item a').tooltip(); });\n\t\t\t\t\t\t<\/script>[\/vc_column][\/vc_row][vc_row equal_height=&#8221;yes&#8221; bg_type=&#8221;bg_color&#8221; bg_override=&#8221;full&#8221; css=&#8221;.vc_custom_1669840915919{padding-top: 60px !important;padding-bottom: 60px !important;}&#8221; bg_color_value=&#8221;#ededed&#8221;][vc_column css=&#8221;.vc_custom_1669840721955{background-position: 0 0 !important;background-repeat: no-repeat !important;}&#8221;][vc_custom_heading text=&#8221;OUR SPANISH BLOG&#8221; font_container=&#8221;tag:h2|text_align:center|line_height:150%25&#8243; use_theme_fonts=&#8221;yes&#8221; el_class=&#8221;unique-letter-spacing&#8221;][vc_empty_space height=&#8221;30px&#8221;][vc_custom_heading text=&#8221;LEARN SPANISH THROUGH THE CULTURE.<\/p>\n<p>Spanish and Latin American culture is very rich and diverse.<\/p>\n<p>Look at our articles where you can learn about food, music, dance, series and destinations in Spain and Latin America&#8221; font_container=&#8221;tag:div|font_size:18px|text_align:center|line_height:150%25&#8243; use_theme_fonts=&#8221;yes&#8221; el_class=&#8221;unique-letter-spacing&#8221;][vc_empty_space height=&#8221;30px&#8221;][vc_basic_grid post_type=&#8221;post&#8221; max_items=&#8221;3&#8243; grid_id=&#8221;vc_gid:1689734712971-83eed083fbb332301994b533fb7af67c-10&#8243;][\/vc_column][\/vc_row]<\/p>\n","protected":false},"excerpt":{"rendered":"<p>[vc_row css=&#8221;.vc_custom_1663979850818{padding-top: 100px !important;}&#8221;][vc_column width=&#8221;1\/2&#8243;][vc_column_text]Spanish courses for companies The competitiveness of companies depends on the preparation of their employees in essential areas such as language learning. Our Spanish program for companies trains people who need to learn the Spanish language as a tool for their professional work. This program facilitates interaction between co-workers in a [&hellip;]<\/p>\n","protected":false},"author":1,"featured_media":0,"parent":10957,"menu_order":0,"comment_status":"closed","ping_status":"closed","template":"page.php","meta":{"footnotes":""},"_links":{"self":[{"href":"https:\/\/spanielcina.linguarte.sk\/en\/wp-json\/wp\/v2\/pages\/10966"}],"collection":[{"href":"https:\/\/spanielcina.linguarte.sk\/en\/wp-json\/wp\/v2\/pages"}],"about":[{"href":"https:\/\/spanielcina.linguarte.sk\/en\/wp-json\/wp\/v2\/types\/page"}],"author":[{"embeddable":true,"href":"https:\/\/spanielcina.linguarte.sk\/en\/wp-json\/wp\/v2\/users\/1"}],"replies":[{"embeddable":true,"href":"https:\/\/spanielcina.linguarte.sk\/en\/wp-json\/wp\/v2\/comments?post=10966"}],"version-history":[{"count":0,"href":"https:\/\/spanielcina.linguarte.sk\/en\/wp-json\/wp\/v2\/pages\/10966\/revisions"}],"up":[{"embeddable":true,"href":"https:\/\/spanielcina.linguarte.sk\/en\/wp-json\/wp\/v2\/pages\/10957"}],"wp:attachment":[{"href":"https:\/\/spanielcina.linguarte.sk\/en\/wp-json\/wp\/v2\/media?parent=10966"}],"curies":[{"name":"wp","href":"https:\/\/api.w.org\/{rel}","templated":true}]}}