{"id":10944,"date":"2017-08-16T19:35:15","date_gmt":"2017-08-16T19:35:15","guid":{"rendered":"https:\/\/spanielcina.linguarte.sk\/preco-linguarte\/"},"modified":"2023-08-28T17:15:08","modified_gmt":"2023-08-28T15:15:08","slug":"why-linguarte","status":"publish","type":"page","link":"https:\/\/spanielcina.linguarte.sk\/en\/why-linguarte\/","title":{"rendered":"Why Linguarte?"},"content":{"rendered":"<p>[vc_row bg_type=&#8221;bg_color&#8221; bg_override=&#8221;ex-full&#8221; css=&#8221;.vc_custom_1669844266173{padding-top: 60px !important;padding-bottom: 30px !important;}&#8221; bg_color_value=&#8221;#ffffff&#8221;][vc_column width=&#8221;1\/2&#8243; css=&#8221;.vc_custom_1493745432476{padding-left: 30px !important;}&#8221;][vc_custom_heading text=&#8221;LEARN SPANISH FOR YOUR TRIP OR VACATION&#8221; font_container=&#8221;tag:h2|text_align:center|line_height:150%25&#8243; use_theme_fonts=&#8221;yes&#8221; el_class=&#8221;unique-letter-spacing&#8221;][vc_empty_space height=&#8221;30&#8243;][vc_column_text]Are you planning to visit Spain or Latin America for your vacation?<\/p>\n<p>Linguarte&#8217;s Spanish courses teach you the essential topics to communicate on your trip or vacation.<\/p>\n<p>Each Spanish class introduces you to a new communicative topic such as ordering in the restaurant, describing your personal information, talking about your hobbies.<\/p>\n<p>After each course, you will be prepared to have a normal conversation with native Spanish speakers.<\/p>\n<p>Spend your holiday in Spain or Latin America in an authentic way and talk to the locals.[\/vc_column_text][\/vc_column][vc_column width=&#8221;1\/2&#8243; css=&#8221;.vc_custom_1493745628944{padding-right: 30px !important;}&#8221;][vc_single_image image=&#8221;11531&#8243; img_size=&#8221;full&#8221;][\/vc_column][\/vc_row][vc_row bg_type=&#8221;bg_color&#8221; bg_override=&#8221;ex-full&#8221; css=&#8221;.vc_custom_1669844273845{padding-top: 30px !important;padding-bottom: 30px !important;}&#8221; bg_color_value=&#8221;#ffffff&#8221;][vc_column width=&#8221;1\/2&#8243; css=&#8221;.vc_custom_1493745628944{padding-right: 30px !important;}&#8221;][vc_single_image image=&#8221;11519&#8243; img_size=&#8221;full&#8221;][\/vc_column][vc_column width=&#8221;1\/2&#8243; css=&#8221;.vc_custom_1493745432476{padding-left: 30px !important;}&#8221;][vc_custom_heading text=&#8221;LIVE THE SPANISH-SPEAKING CULTURE WITH OUR SPANISH COURSES&#8221; font_container=&#8221;tag:h2|text_align:center|line_height:150%25&#8243; use_theme_fonts=&#8221;yes&#8221; el_class=&#8221;unique-letter-spacing&#8221;][vc_empty_space height=&#8221;30&#8243;][vc_column_text]The Spanish language is the key that opens the doors to the Spanish-speaking culture.<\/p>\n<p>Our Spanish courses not only teach you Spanish but also the rich culture of Spain and Latin America.<\/p>\n<p>Each Spanish class includes information on the music, dance, cinematography, painting and literature of the country you like.<\/p>\n<p>Enjoy and learn many interesting and amazing local traditions of the Spanish-speaking culture.[\/vc_column_text][\/vc_column][\/vc_row][vc_row bg_type=&#8221;bg_color&#8221; bg_override=&#8221;ex-full&#8221; css=&#8221;.vc_custom_1669844291663{padding-top: 30px !important;padding-bottom: 60px !important;}&#8221; bg_color_value=&#8221;#ffffff&#8221;][vc_column width=&#8221;1\/2&#8243; css=&#8221;.vc_custom_1493745432476{padding-left: 30px !important;}&#8221;][vc_custom_heading text=&#8221;FUN AND COMMUNICATIVE LESSONS&#8221; font_container=&#8221;tag:h2|text_align:center|line_height:150%25&#8243; use_theme_fonts=&#8221;yes&#8221; el_class=&#8221;unique-letter-spacing&#8221;][vc_empty_space height=&#8221;30&#8243;][vc_column_text]The culture of Spain and Latin America is very fun and exciting.<\/p>\n<p>For this reason, the Spanish courses are fun and with many games and entertaining activities.<\/p>\n<p>In each Spanish class, you will laugh a lot and have a very pleasant time.<\/p>\n<p>With our Spanish lessons, it is possible to learn Spanish in a pleasant and stress-free way.[\/vc_column_text][\/vc_column][vc_column width=&#8221;1\/2&#8243; css=&#8221;.vc_custom_1493745628944{padding-right: 30px !important;}&#8221;][vc_single_image image=&#8221;11523&#8243; img_size=&#8221;full&#8221;][\/vc_column][\/vc_row][vc_row bg_type=&#8221;bg_color&#8221; bg_override=&#8221;ex-full&#8221; css=&#8221;.vc_custom_1669844273845{padding-top: 30px !important;padding-bottom: 30px !important;}&#8221; bg_color_value=&#8221;#ffffff&#8221;][vc_column width=&#8221;1\/2&#8243; css=&#8221;.vc_custom_1493745628944{padding-right: 30px !important;}&#8221;][vc_single_image image=&#8221;11527&#8243; img_size=&#8221;full&#8221;][\/vc_column][vc_column width=&#8221;1\/2&#8243; css=&#8221;.vc_custom_1493745432476{padding-left: 30px !important;}&#8221;][vc_custom_heading text=&#8221;PREPARE FOR YOUR EXAMS&#8221; font_container=&#8221;tag:h2|text_align:center|line_height:150%25&#8243; use_theme_fonts=&#8221;yes&#8221; el_class=&#8221;unique-letter-spacing&#8221;][vc_empty_space height=&#8221;30&#8243;][vc_column_text]Our Spanish school prepares you for the state Spanish exams or for the DELE exams.<\/p>\n<p>Our teachers have a lot of experience preparing students with excellent results.<\/p>\n<p>We create a personalized Spanish program for your specific needs.[\/vc_column_text][\/vc_column][\/vc_row][vc_row bg_type=&#8221;bg_color&#8221; bg_override=&#8221;full&#8221; source=&#8221;&#8221; text=&#8221;NA\u0160I SLOVENSK\u00cd U\u010cITELIA&#8221; font_container=&#8221;tag:h2|font_size:25px|text_align:center|line_height:150%25&#8243; use_theme_fonts=&#8221;&#8221; google_fonts=&#8221;font_family:Dosis%3A200%2C300%2Cregular%2C500%2C600%2C700%2C800|font_style:500%20bold%20regular%3A500%3Anormal&#8221; el_class=&#8221;unique-letter-spacing&#8221; link=&#8221;&#8221; bg_color_value=&#8221;#ededed&#8221; css=&#8221;.vc_custom_1669843904030{padding-top: 60px !important;padding-bottom: 60px !important;}&#8221;][vc_column][vc_custom_heading text=&#8221;OUR METHOD OF TEACHING SPANISH&#8221; font_container=&#8221;tag:h2|text_align:center|line_height:150%25&#8243; use_theme_fonts=&#8221;yes&#8221; el_class=&#8221;unique-letter-spacing&#8221;][vc_empty_space height=&#8221;30&#8243;][vc_custom_heading text=&#8221;HOW TO LEARN SPANISH WITH OUR METHOD&#8221; font_container=&#8221;tag:h3|font_size:18px|text_align:center|line_height:150%25&#8243; use_theme_fonts=&#8221;yes&#8221; el_class=&#8221;unique-letter-spacing&#8221;][vc_empty_space height=&#8221;30&#8243;][vc_custom_heading text=&#8221;Grammar is a means to learning, not the goal.&#8221; font_container=&#8221;tag:div|font_size:18px|text_align:center|line_height:150%25&#8243; use_theme_fonts=&#8221;yes&#8221; el_class=&#8221;unique-letter-spacing&#8221;][vc_empty_space height=&#8221;30&#8243;][vc_column_text]Possibly all of us have had <a href=\"https:\/\/spanielcina.linguarte.sk\/\">language courses<\/a> that used a lot of grammar and endless written practice. However, this way of learning does not prepare us to have a conversation in Spanish in a real situation.<\/p>\n<p>We don&#8217;t like this and so we decided to fix it. So, we created the Linguarte method under two principles:<\/p>\n<p>The first considers that communication is the priority and grammar is a tool. We need to talk and use grammar, not focus on written grammar practices.<\/p>\n<p>The second considers that, when communicating, we focus on specific tasks that we want to accomplish. And for this, if we want to learn well, we have to be able to talk about everyday situations close to our lives and needs.<\/p>\n<p>The union of both principles guarantees an improvement in learning and fluency to speak without forgetting the other skills necessary for the successful learning of a language (listening, writing and reading).<\/p>\n<p>In addition, our method encourages active and cooperative participation of students in a highly motivated and trusting environment where your time and effort will be rewarded when speaking the language.[\/vc_column_text][\/vc_column][\/vc_row][vc_row bg_type=&#8221;bg_color&#8221; bg_override=&#8221;ex-full&#8221; css=&#8221;.vc_custom_1669844137604{padding-top: 60px !important;padding-bottom: 60px !important;}&#8221; bg_color_value=&#8221;#ffffff&#8221;][vc_column][vc_custom_heading text=&#8221;OUR SPANISH TEACHING TEXTBOOK&#8221; font_container=&#8221;tag:h2|text_align:center|line_height:150%25&#8243; use_theme_fonts=&#8221;yes&#8221; el_class=&#8221;unique-letter-spacing&#8221;][vc_empty_space height=&#8221;30&#8243;][vc_custom_heading text=&#8221;HOW TO LEARN SPANISH WITH OUR TEXTBOOK&#8221; font_container=&#8221;tag:h3|font_size:18px|text_align:center|line_height:150%25&#8243; use_theme_fonts=&#8221;yes&#8221; el_class=&#8221;unique-letter-spacing&#8221;][vc_empty_space height=&#8221;30&#8243;][vc_custom_heading text=&#8221;The book is a tool for conversation.&#8221; font_container=&#8221;tag:div|font_size:18px|text_align:center|line_height:150%25&#8243; use_theme_fonts=&#8221;yes&#8221; el_class=&#8221;unique-letter-spacing&#8221;][vc_empty_space height=&#8221;30&#8243;][vc_row_inner][vc_column_inner width=&#8221;1\/2&#8243;][vc_column_text]Linguarte textbooks are unique and were created to respond to the need to teach the language to communicate and use it in real contexts.<\/p>\n<p>It is proven that to speak a language you do not need grammar exercises or a focus on writing. On the contrary, you need to communicate and repeat as much as possible.<\/p>\n<p>For this, our textbooks teach you the words necessary to complete communication tasks. Each lesson is divided into small scenes in different places that you practice with in order to be able to repeat them in a real scenario.<\/p>\n<p>&nbsp;<\/p>\n<p>Each lesson in the textbook gives you a group of the most important words in each context (for example, at the restaurant, on the trip) and progressively gives you more elaborate structures. This is complemented by the active class where the teacher supports the conversation of each student in these structures so that you can quickly learn them.<\/p>\n<p>Grammar and structures are learned by practicing with them and playing without the need for endless exercises.<\/p>\n<p>The complete Linguarte textbook is divided into three parts, each containing lessons on current topics and covering vocabulary that native speakers use in real life.[\/vc_column_text][\/vc_column_inner][vc_column_inner width=&#8221;1\/2&#8243;][vc_single_image image=&#8221;10136&#8243; img_size=&#8221;full&#8221; alignment=&#8221;center&#8221; style=&#8221;vc_box_rounded&#8221;][\/vc_column_inner][\/vc_row_inner][\/vc_column][\/vc_row]<\/p>\n","protected":false},"excerpt":{"rendered":"<p>[vc_row bg_type=&#8221;bg_color&#8221; bg_override=&#8221;ex-full&#8221; css=&#8221;.vc_custom_1669844266173{padding-top: 60px !important;padding-bottom: 30px !important;}&#8221; bg_color_value=&#8221;#ffffff&#8221;][vc_column width=&#8221;1\/2&#8243; css=&#8221;.vc_custom_1493745432476{padding-left: 30px !important;}&#8221;][vc_custom_heading text=&#8221;LEARN SPANISH FOR YOUR TRIP OR VACATION&#8221; font_container=&#8221;tag:h2|text_align:center|line_height:150%25&#8243; use_theme_fonts=&#8221;yes&#8221; el_class=&#8221;unique-letter-spacing&#8221;][vc_empty_space height=&#8221;30&#8243;][vc_column_text]Are you planning to visit Spain or Latin America for your vacation? Linguarte&#8217;s Spanish courses teach you the essential topics to communicate on your trip or vacation. Each Spanish class introduces you [&hellip;]<\/p>\n","protected":false},"author":1,"featured_media":0,"parent":0,"menu_order":0,"comment_status":"closed","ping_status":"closed","template":"page.php","meta":{"footnotes":""},"_links":{"self":[{"href":"https:\/\/spanielcina.linguarte.sk\/en\/wp-json\/wp\/v2\/pages\/10944"}],"collection":[{"href":"https:\/\/spanielcina.linguarte.sk\/en\/wp-json\/wp\/v2\/pages"}],"about":[{"href":"https:\/\/spanielcina.linguarte.sk\/en\/wp-json\/wp\/v2\/types\/page"}],"author":[{"embeddable":true,"href":"https:\/\/spanielcina.linguarte.sk\/en\/wp-json\/wp\/v2\/users\/1"}],"replies":[{"embeddable":true,"href":"https:\/\/spanielcina.linguarte.sk\/en\/wp-json\/wp\/v2\/comments?post=10944"}],"version-history":[{"count":0,"href":"https:\/\/spanielcina.linguarte.sk\/en\/wp-json\/wp\/v2\/pages\/10944\/revisions"}],"wp:attachment":[{"href":"https:\/\/spanielcina.linguarte.sk\/en\/wp-json\/wp\/v2\/media?parent=10944"}],"curies":[{"name":"wp","href":"https:\/\/api.w.org\/{rel}","templated":true}]}}