{"id":11564,"date":"2017-08-16T19:34:52","date_gmt":"2017-08-16T19:34:52","guid":{"rendered":"https:\/\/spanielcina.linguarte.sk\/jazykove-kurzy\/"},"modified":"2023-08-28T16:57:40","modified_gmt":"2023-08-28T14:57:40","slug":"kurse","status":"publish","type":"page","link":"https:\/\/spanielcina.linguarte.sk\/de\/kurse\/","title":{"rendered":"Kurse"},"content":{"rendered":"<p>[vc_row equal_height=&#8220;yes&#8220; css=&#8220;.vc_custom_1673832988387{padding-top: 60px !important;padding-bottom: 30px !important;}&#8220;][vc_column width=&#8220;1\/3&#8243;][vc_custom_heading text=&#8220;SPANISCHKURSE F\u00dcR GRUPPEN &#8220; font_container=&#8220;tag:h3|text_align:center&#8220; use_theme_fonts=&#8220;yes&#8220; el_class=&#8220;unique-letter-spacing&#8220;][vc_empty_space height=&#8220;30&#8243;][vc_column_text]<\/p>\n<div class=\"wpb_text_column wpb_content_element vc_custom_1515617163233\">\n<div class=\"wpb_wrapper\">\n<p style=\"text-align: center;\">In diesem Kurs lernen Sie Spanisch schnell und unterhaltsam, w\u00e4hrend Sie Spanisch mit Ihren Freunden und Kollegen sprechen.<\/p>\n<p style=\"text-align: center;\">Die Gruppenspanischkurse bringen Ihnen die wichtigsten Themen bei, um sich unterhalten und reisen zu k\u00f6nnen.<\/p>\n<\/div>\n<\/div>\n<p>[\/vc_column_text][vc_empty_space height=&#8220;57&#8243;][vc_btn title=&#8220;SPANISCHKURSE F\u00dcR GRUPPEN &#8220; style=&#8220;custom&#8220; custom_background=&#8220;#00837f&#8220; custom_text=&#8220;#ffffff&#8220; align=&#8220;center&#8220; link=&#8220;url:https%3A%2F%2Fspanielcina.linguarte.sk%2Fde%2Fkurse%2Fspanischkurse-fuer-gruppen%2F|title:Spanischkurse%20f%C3%BCr%20Gruppen&#8220;][\/vc_column][vc_column width=&#8220;1\/3&#8243;][vc_custom_heading text=&#8220;INDIVIDUELLE SPANISCHKURSE &#8220; font_container=&#8220;tag:h3|text_align:center&#8220; use_theme_fonts=&#8220;yes&#8220; el_class=&#8220;unique-letter-spacing&#8220;][vc_empty_space height=&#8220;30&#8243;][vc_column_text]<\/p>\n<p style=\"text-align: center;\">Lernen Sie die spanische Sprache in Ihrem eigenen Tempo und zu der von Ihnen gew\u00fcnschten Zeit.<\/p>\n<p style=\"text-align: center;\">Individuelle Spanischkurse sind f\u00fcr diejendigen gedacht, die Spanisch schneller und in den von Ihnen ben\u00f6tigten Themen lernen m\u00f6chten.<\/p>\n<p>[\/vc_column_text][vc_empty_space height=&#8220;82&#8243;][vc_btn title=&#8220;INDIVIDUELLE SPANISCHKURSE &#8220; style=&#8220;custom&#8220; custom_background=&#8220;#00837f&#8220; custom_text=&#8220;#ffffff&#8220; align=&#8220;center&#8220; link=&#8220;url:https%3A%2F%2Fspanielcina.linguarte.sk%2Fde%2Fkurse%2Findividuelle-spanischkurse%2F|title:Individuelle%20Spanischkurse&#8220;][\/vc_column][vc_column width=&#8220;1\/3&#8243;][vc_custom_heading text=&#8220;INTENSIVE SPANISCHKURSE &#8220; font_container=&#8220;tag:h3|text_align:center&#8220; use_theme_fonts=&#8220;yes&#8220; el_class=&#8220;unique-letter-spacing&#8220;][vc_empty_space height=&#8220;30&#8243;][vc_column_text]<\/p>\n<p style=\"text-align: center;\">Wenn Sie die Spanische Sprache dringend und schnell lernen m\u00fcssen, helfen wir Ihnen dabei.<\/p>\n<p style=\"text-align: center;\">Intensive Spanischkurse sind so konzipiert, dass Sie Spanisch auf die effizienteste und schnellste Art und Weise lernen.<\/p>\n<p>[\/vc_column_text][vc_empty_space height=&#8220;80&#8243;][vc_btn title=&#8220;INTENSIVE SPANISCHKURSE &#8220; style=&#8220;custom&#8220; custom_background=&#8220;#00837f&#8220; custom_text=&#8220;#ffffff&#8220; align=&#8220;center&#8220; link=&#8220;url:https%3A%2F%2Fspanielcina.linguarte.sk%2Fde%2Fkurse%2Fintensive-spanischkurse%2F|title:Intensive%20Spanischkurse&#8220;][\/vc_column][\/vc_row][vc_row css=&#8220;.vc_custom_1669861230071{padding-top: 30px !important;padding-bottom: 30px !important;}&#8220;][vc_column width=&#8220;1\/2&#8243;][vc_custom_heading text=&#8220;SPANISCHKURSE F\u00dcR UNTERNEHMEN &#8220; font_container=&#8220;tag:h3|text_align:center&#8220; use_theme_fonts=&#8220;yes&#8220; el_class=&#8220;unique-letter-spacing&#8220;][vc_empty_space height=&#8220;30&#8243;][vc_column_text]<\/p>\n<p style=\"text-align: center;\">Die Wettbewerbsf\u00e4higkeit von Unternehmen h\u00e4ngt von der Vorbereitung ihrer Mitarbeiter in wichtigen Bereichen, wie dem Lernen von Sprachen, ab. Unser Spanischprogramm f\u00fcr Unternehmen schult diejenigen, die Spanisch als Werkzeug f\u00fcr ihre berufliche Arbeit ben\u00f6tigen.<\/p>\n<p>[\/vc_column_text][vc_empty_space height=&#8220;40&#8243;][vc_btn title=&#8220;SPANISCHKURSE F\u00dcR UNTERNEHMEN &#8220; style=&#8220;custom&#8220; custom_background=&#8220;#00837f&#8220; custom_text=&#8220;#ffffff&#8220; align=&#8220;center&#8220; link=&#8220;url:https%3A%2F%2Fspanielcina.linguarte.sk%2Fde%2Fkurse%2Fspanischkurse-fuer-unternehmen%2F|title:Spanischkurse%20f%C3%BCr%20Unternehmen&#8220;][\/vc_column][vc_column width=&#8220;1\/2&#8243;][vc_custom_heading text=&#8220;REISE-SPANISCHKURS &#8220; font_container=&#8220;tag:h3|text_align:center&#8220; use_theme_fonts=&#8220;yes&#8220; el_class=&#8220;unique-letter-spacing&#8220;][vc_empty_space height=&#8220;30&#8243;][vc_column_text]<\/p>\n<p style=\"text-align: center;\">Wenn Sie Spanisch lernen m\u00fcssen, um nach Spanien oder Lateinamerika zu reisen, k\u00f6nnen Sie jetzt schon beginnen.<\/p>\n<p style=\"text-align: center;\">In unseren Spanischstunden bringen wir Ihnen die wichtigsten Themen f\u00fcr Ihre Reise bei, damit Sie in einem spanischsprachigen Land ohne Probleme kommunizieren k\u00f6nnen.<\/p>\n<p>[\/vc_column_text][vc_empty_space height=&#8220;30&#8243;][vc_btn title=&#8220;REISE-SPANISCHKURS &#8220; style=&#8220;custom&#8220; custom_background=&#8220;#00837f&#8220; custom_text=&#8220;#ffffff&#8220; align=&#8220;center&#8220; link=&#8220;url:https%3A%2F%2Fspanielcina.linguarte.sk%2Fde%2Fkurse%2Freise-spanischkurs%2F|title:Reise-Spanischkurs&#8220;][\/vc_column][\/vc_row]<\/p>\n","protected":false},"excerpt":{"rendered":"<p>[vc_row equal_height=&#8220;yes&#8220; css=&#8220;.vc_custom_1673832988387{padding-top: 60px !important;padding-bottom: 30px !important;}&#8220;][vc_column width=&#8220;1\/3&#8243;][vc_custom_heading text=&#8220;SPANISCHKURSE F\u00dcR GRUPPEN &#8220; font_container=&#8220;tag:h3|text_align:center&#8220; use_theme_fonts=&#8220;yes&#8220; el_class=&#8220;unique-letter-spacing&#8220;][vc_empty_space height=&#8220;30&#8243;][vc_column_text] In diesem Kurs lernen Sie Spanisch schnell und unterhaltsam, w\u00e4hrend Sie Spanisch mit Ihren Freunden und Kollegen sprechen. Die Gruppenspanischkurse bringen Ihnen die wichtigsten Themen bei, um sich unterhalten und reisen zu k\u00f6nnen. [\/vc_column_text][vc_empty_space height=&#8220;57&#8243;][vc_btn title=&#8220;SPANISCHKURSE F\u00dcR GRUPPEN &#8220; [&hellip;]<\/p>\n","protected":false},"author":1,"featured_media":0,"parent":0,"menu_order":0,"comment_status":"closed","ping_status":"closed","template":"page.php","meta":{"footnotes":""},"_links":{"self":[{"href":"https:\/\/spanielcina.linguarte.sk\/de\/wp-json\/wp\/v2\/pages\/11564"}],"collection":[{"href":"https:\/\/spanielcina.linguarte.sk\/de\/wp-json\/wp\/v2\/pages"}],"about":[{"href":"https:\/\/spanielcina.linguarte.sk\/de\/wp-json\/wp\/v2\/types\/page"}],"author":[{"embeddable":true,"href":"https:\/\/spanielcina.linguarte.sk\/de\/wp-json\/wp\/v2\/users\/1"}],"replies":[{"embeddable":true,"href":"https:\/\/spanielcina.linguarte.sk\/de\/wp-json\/wp\/v2\/comments?post=11564"}],"version-history":[{"count":0,"href":"https:\/\/spanielcina.linguarte.sk\/de\/wp-json\/wp\/v2\/pages\/11564\/revisions"}],"wp:attachment":[{"href":"https:\/\/spanielcina.linguarte.sk\/de\/wp-json\/wp\/v2\/media?parent=11564"}],"curies":[{"name":"wp","href":"https:\/\/api.w.org\/{rel}","templated":true}]}}