{"id":11563,"date":"2017-08-16T19:35:15","date_gmt":"2017-08-16T19:35:15","guid":{"rendered":"https:\/\/spanielcina.linguarte.sk\/preco-linguarte\/"},"modified":"2023-08-28T17:16:33","modified_gmt":"2023-08-28T15:16:33","slug":"warum-linguarte","status":"publish","type":"page","link":"https:\/\/spanielcina.linguarte.sk\/de\/warum-linguarte\/","title":{"rendered":"Warum Linguarte?"},"content":{"rendered":"<p>[vc_row bg_type=&#8220;bg_color&#8220; bg_override=&#8220;ex-full&#8220; css=&#8220;.vc_custom_1669844266173{padding-top: 60px !important;padding-bottom: 30px !important;}&#8220; bg_color_value=&#8220;#ffffff&#8220;][vc_column width=&#8220;1\/2&#8243; css=&#8220;.vc_custom_1493745432476{padding-left: 30px !important;}&#8220;][vc_custom_heading text=&#8220;LERNEN SIE SPANISCH F\u00dcR IHRE REISE ODER URLAUB&#8220; font_container=&#8220;tag:h2|text_align:center|line_height:150%25&#8243; use_theme_fonts=&#8220;yes&#8220; el_class=&#8220;unique-letter-spacing&#8220;][vc_empty_space height=&#8220;30&#8243;][vc_column_text]Planen Sie eine Reise nach Spanien oder Lateinamerika f\u00fcr Ihren Urlaub?<\/p>\n<p>Die Spanischkurse von Linguarte vermitteln Ihnen die wichtigsten Themen, um auf Ihrer Reise oder im Urlaub kommunizieren zu k\u00f6nnen. Jede Spanischstunde stellt Ihnen ein neues kommunikatives Thema vor, wie zum Beispiel wie Sie im Restaurant bestellen, Ihre pers\u00f6nlichen Informationen mitteilen oder wie Sie \u00fcber Ihre Hobbys sprechen k\u00f6nnen.<\/p>\n<p>Nach jedem Kurs werden Sie in der Lage sein, ein normales Gespr\u00e4ch mit Muttersprachlern zu f\u00fchren. Verbringen Sie Ihren Urlaub in Spanien oder Lateinamerika auf authentische Weise und sprechen Sie mit den Einheimischen.[\/vc_column_text][\/vc_column][vc_column width=&#8220;1\/2&#8243; css=&#8220;.vc_custom_1493745628944{padding-right: 30px !important;}&#8220;][vc_single_image image=&#8220;11533&#8243; img_size=&#8220;full&#8220;][\/vc_column][\/vc_row][vc_row bg_type=&#8220;bg_color&#8220; bg_override=&#8220;ex-full&#8220; css=&#8220;.vc_custom_1669844273845{padding-top: 30px !important;padding-bottom: 30px !important;}&#8220; bg_color_value=&#8220;#ffffff&#8220;][vc_column width=&#8220;1\/2&#8243; css=&#8220;.vc_custom_1493745628944{padding-right: 30px !important;}&#8220;][vc_single_image image=&#8220;11521&#8243; img_size=&#8220;full&#8220;][\/vc_column][vc_column width=&#8220;1\/2&#8243; css=&#8220;.vc_custom_1493745432476{padding-left: 30px !important;}&#8220;][vc_custom_heading text=&#8220;ERLEBEN SIE DIE SPANISCHSPRACHIGE KULTUR MIT UNSEREN SPANISCHKURSEN&#8220; font_container=&#8220;tag:h2|text_align:center|line_height:150%25&#8243; use_theme_fonts=&#8220;yes&#8220; el_class=&#8220;unique-letter-spacing&#8220;][vc_empty_space height=&#8220;30&#8243;][vc_column_text]Die spanische Sprache ist der Schl\u00fcssel, der die T\u00fcren zur spanischsprachigen Kultur \u00f6ffnet. Unsere Spanischkurse lehren Sie nicht nur Spanisch, sondern auch die vielf\u00e4ltige Kultur Spaniens und Lateinamerikas. Jede Spanischstunde beinhaltet Informationen \u00fcber Musik, Tanz,Film, Malerei und Literatur des Landes, das Sie interessiert.<\/p>\n<p>Entdecken und lernen Sie viele interessante und beeindruckende lokale Traditionen der spanischsprachigen Kultur kennen.[\/vc_column_text][\/vc_column][\/vc_row][vc_row bg_type=&#8220;bg_color&#8220; bg_override=&#8220;ex-full&#8220; css=&#8220;.vc_custom_1669844291663{padding-top: 30px !important;padding-bottom: 60px !important;}&#8220; bg_color_value=&#8220;#ffffff&#8220;][vc_column width=&#8220;1\/2&#8243; css=&#8220;.vc_custom_1493745432476{padding-left: 30px !important;}&#8220;][vc_custom_heading text=&#8220;SPA\u00dfIGER UND KOMMUNIKATIVER UNTERRICHT&#8220; font_container=&#8220;tag:h2|text_align:center|line_height:150%25&#8243; use_theme_fonts=&#8220;yes&#8220; el_class=&#8220;unique-letter-spacing&#8220;][vc_empty_space height=&#8220;30&#8243;][vc_column_text]Die Kultur Spaniens und Lateinamerikas ist sehr lustig und aufregend. Aus diesem Grund sind die Spanischkurse unterhaltsam und mit vielen Spielen und spa\u00dfigen Aktivit\u00e4ten gef\u00fcllt. In jeder Spanischstunde werden Sie viel lachen und eine sehr angenehme Zeit haben.<\/p>\n<p>Mit unseren Spanischstunden ist es m\u00f6glich, Spanisch auf angenehme und stressfreie Weise Spanisch zu lernen.[\/vc_column_text][\/vc_column][vc_column width=&#8220;1\/2&#8243; css=&#8220;.vc_custom_1493745628944{padding-right: 30px !important;}&#8220;][vc_single_image image=&#8220;11525&#8243; img_size=&#8220;full&#8220;][\/vc_column][\/vc_row][vc_row bg_type=&#8220;bg_color&#8220; bg_override=&#8220;ex-full&#8220; css=&#8220;.vc_custom_1669844273845{padding-top: 30px !important;padding-bottom: 30px !important;}&#8220; bg_color_value=&#8220;#ffffff&#8220;][vc_column width=&#8220;1\/2&#8243; css=&#8220;.vc_custom_1493745628944{padding-right: 30px !important;}&#8220;][vc_single_image image=&#8220;11529&#8243; img_size=&#8220;full&#8220;][\/vc_column][vc_column width=&#8220;1\/2&#8243; css=&#8220;.vc_custom_1493745432476{padding-left: 30px !important;}&#8220;][vc_custom_heading text=&#8220;BEREITE DICH AUF DEINE PR\u00dcFUNGEN VOR&#8220; font_container=&#8220;tag:h2|text_align:center|line_height:150%25&#8243; use_theme_fonts=&#8220;yes&#8220; el_class=&#8220;unique-letter-spacing&#8220;][vc_empty_space height=&#8220;30&#8243;][vc_column_text]Unsere Spanischschule bereitet Sie auf die staatlichen Spanischpr\u00fcfungen und die DELE-Pr\u00fcfungen vor. Unsere Lehrer haben viel Erfahrung darin, Sch\u00fcler mit hervorragenden Ergebnissen vorzubereiten. Wir erstellen ein personalisiertes Spanischprogramm f\u00fcr Ihre spezifischen Bed\u00fcrfnisse.[\/vc_column_text][\/vc_column][\/vc_row][vc_row bg_type=&#8220;bg_color&#8220; bg_override=&#8220;full&#8220; source=&#8220;&#8220; text=&#8220;NA\u0160I SLOVENSK\u00cd U\u010cITELIA&#8220; font_container=&#8220;tag:h2|font_size:25px|text_align:center|line_height:150%25&#8243; use_theme_fonts=&#8220;&#8220; google_fonts=&#8220;font_family:Dosis%3A200%2C300%2Cregular%2C500%2C600%2C700%2C800|font_style:500%20bold%20regular%3A500%3Anormal&#8220; el_class=&#8220;unique-letter-spacing&#8220; link=&#8220;&#8220; bg_color_value=&#8220;#ededed&#8220; css=&#8220;.vc_custom_1669843904030{padding-top: 60px !important;padding-bottom: 60px !important;}&#8220;][vc_column][vc_custom_heading text=&#8220;UNSERE METHODE DER SPANISCHLEHRER&#8220; font_container=&#8220;tag:h2|text_align:center|line_height:150%25&#8243; use_theme_fonts=&#8220;yes&#8220; el_class=&#8220;unique-letter-spacing&#8220;][vc_empty_space height=&#8220;30&#8243;][vc_custom_heading text=&#8220;WIE MAN MIT UNSERER METHODE SPANISCH LERNT&#8220; font_container=&#8220;tag:h3|font_size:18px|text_align:center|line_height:150%25&#8243; use_theme_fonts=&#8220;yes&#8220; el_class=&#8220;unique-letter-spacing&#8220;][vc_empty_space height=&#8220;30&#8243;][vc_custom_heading text=&#8220;Die Grammatik ist ein Mittel zum Lernen, nicht das Ziel.&#8220; font_container=&#8220;tag:div|font_size:18px|text_align:center|line_height:150%25&#8243; use_theme_fonts=&#8220;yes&#8220; el_class=&#8220;unique-letter-spacing&#8220;][vc_empty_space height=&#8220;30&#8243;][vc_column_text]Wahrscheinlich haben alle von uns schon Sprachkurse besucht, die viel Grammatik und endlose schriftliche \u00dcbungen in den Vordergrund gestellt haben. Diese Art des Lernens bereitet uns jedoch nicht darauf vor, in einer realen Situation ein Gespr\u00e4ch auf Spanisch zu f\u00fchren.<\/p>\n<p>Das gef\u00e4llt uns nicht und haben daher beschlossen, es zu \u00e4ndern. Wir haben deshalb die Linguarte-Methode nach zwei Prinzipien entwickelt:<\/p>\n<p>Die erste Ber\u00fccksichtigt, dass die Kommunikation Priorit\u00e4t hat und Grammatik ein Werkzeug ist. Wir m\u00fcssen sprechen und Grammatik anwenden, anstatt uns auf schriftliche Grammatik\u00fcbungen zu konzentrieren.<\/p>\n<p>Die zweite geht avon aus, dass wir uns bei der Kommunikation auf bestimmte Aufgaben konzentrieren, die wir erledigen wollen. Und daf\u00fcr m\u00fcssen wir in der Lage sein, \u00fcber allt\u00e4gliche Situationen in unserem Leben und \u00fcber unsere Bed\u00fcrfnisse zu sprechen.<\/p>\n<p>Die Vereinigung beider Prinzipien garantiert eine Verbesserung des Lernens und des Sprachflusses, ohne die anderen F\u00e4higkeiten zu vergessen, die f\u00fcr das erfolgreiche Lernen einer Sprache erforderlich sind (H\u00f6rverstehen, Schreiben und Lesen).<\/p>\n<p>Dar\u00fcber hinaus f\u00f6rdert unsere Methode die aktive und kooperative Teilnahme der Sch\u00fcler in einem hochmotivierten und vertrauensvollen Umfeld, in der Ihre Zeit und M\u00fche beim Sprechen der neuen Sprache belohnt wird.[\/vc_column_text][\/vc_column][\/vc_row][vc_row bg_type=&#8220;bg_color&#8220; bg_override=&#8220;ex-full&#8220; css=&#8220;.vc_custom_1669844137604{padding-top: 60px !important;padding-bottom: 60px !important;}&#8220; bg_color_value=&#8220;#ffffff&#8220;][vc_column][vc_custom_heading text=&#8220;UNSER SPANISCH LEHRBUCH&#8220; font_container=&#8220;tag:h2|text_align:center|line_height:150%25&#8243; use_theme_fonts=&#8220;yes&#8220; el_class=&#8220;unique-letter-spacing&#8220;][vc_empty_space height=&#8220;30&#8243;][vc_custom_heading text=&#8220;WIE MAN MIT UNSEREM LEHRBUCH SPANISCH LERNT&#8220; font_container=&#8220;tag:h3|font_size:18px|text_align:center|line_height:150%25&#8243; use_theme_fonts=&#8220;yes&#8220; el_class=&#8220;unique-letter-spacing&#8220;][vc_empty_space height=&#8220;30&#8243;][vc_custom_heading text=&#8220;Das Lehrbuch ist ein Werkzeug f\u00fcr Konversationen.&#8220; font_container=&#8220;tag:div|font_size:18px|text_align:center|line_height:150%25&#8243; use_theme_fonts=&#8220;yes&#8220; el_class=&#8220;unique-letter-spacing&#8220;][vc_empty_space height=&#8220;30&#8243;][vc_row_inner][vc_column_inner width=&#8220;1\/2&#8243;][vc_column_text]Linguarte Lehrb\u00fccher sind einzigartig und wurden auf die Nachfrage hin entwickelt, um der Notwendigkeit gerecht zu werden, eine neue Sprache so zu lehren, dass diese direkt in realen Kontexten angewendet werden kann.<\/p>\n<p>Es ist bewiesen, dass man eine Sprache nicht durch Grammatik\u00fcbungen oder Schriftverfassung lernen muss. Im Gegenteil, man muss so viel wie m\u00f6glich kommunizieren und wiederholen.<\/p>\n<p>Dazu vermitteln Ihnen unsere Lehrb\u00fccher die Vokablen, die zur Bew\u00e4ltigung von Kommunikationsaufgaben notwendig sind. Jede Lektion ist in kleine Szenen an verschiedenen Orten unterteilt, mit denen Sie \u00fcben werden, um sie in einem realen Szenario nutzten zu k\u00f6nnen.<\/p>\n<p>&nbsp;<\/p>\n<p>Jede Lektion im Lehrbuch gibt Ihnen eine Gruppe der wichtigsten W\u00f6rter in jedem Kontext (z.B. im Restaurant, auf der Reise) und f\u00fchrt Sie schrittweise an ausgefeiltere Strukturen heran. Dies wird durch die aktive Unterrichtsstunde erg\u00e4nzt, in der unsere Lehrer die Konversation jedes Sch\u00fclers in diesen Strukturen unterst\u00fctzt, damit Sie sie schnell lernen k\u00f6nnen.<\/p>\n<p>Grammatik und Strukturen werden durch das \u00dcben und Spielen gelernt, ohne dass endlose \u00dcbungen erforderlich sind.<\/p>\n<p>Das vollst\u00e4ndige Linguarte Lehrbuch ist in drei Teile gegliedert, die jeweils Lektionen zu aktuellen Themen enthalten und Vokabular abdecken, die Muttersprachler im Alltag verwenden.[\/vc_column_text][\/vc_column_inner][vc_column_inner width=&#8220;1\/2&#8243;][vc_single_image image=&#8220;9537&#8243; img_size=&#8220;full&#8220; alignment=&#8220;center&#8220; style=&#8220;vc_box_rounded&#8220;][\/vc_column_inner][\/vc_row_inner][\/vc_column][\/vc_row]<\/p>\n","protected":false},"excerpt":{"rendered":"<p>[vc_row bg_type=&#8220;bg_color&#8220; bg_override=&#8220;ex-full&#8220; css=&#8220;.vc_custom_1669844266173{padding-top: 60px !important;padding-bottom: 30px !important;}&#8220; bg_color_value=&#8220;#ffffff&#8220;][vc_column width=&#8220;1\/2&#8243; css=&#8220;.vc_custom_1493745432476{padding-left: 30px !important;}&#8220;][vc_custom_heading text=&#8220;LERNEN SIE SPANISCH F\u00dcR IHRE REISE ODER URLAUB&#8220; font_container=&#8220;tag:h2|text_align:center|line_height:150%25&#8243; use_theme_fonts=&#8220;yes&#8220; el_class=&#8220;unique-letter-spacing&#8220;][vc_empty_space height=&#8220;30&#8243;][vc_column_text]Planen Sie eine Reise nach Spanien oder Lateinamerika f\u00fcr Ihren Urlaub? Die Spanischkurse von Linguarte vermitteln Ihnen die wichtigsten Themen, um auf Ihrer Reise oder im Urlaub kommunizieren zu k\u00f6nnen. Jede [&hellip;]<\/p>\n","protected":false},"author":1,"featured_media":0,"parent":0,"menu_order":0,"comment_status":"closed","ping_status":"closed","template":"page.php","meta":{"footnotes":""},"_links":{"self":[{"href":"https:\/\/spanielcina.linguarte.sk\/de\/wp-json\/wp\/v2\/pages\/11563"}],"collection":[{"href":"https:\/\/spanielcina.linguarte.sk\/de\/wp-json\/wp\/v2\/pages"}],"about":[{"href":"https:\/\/spanielcina.linguarte.sk\/de\/wp-json\/wp\/v2\/types\/page"}],"author":[{"embeddable":true,"href":"https:\/\/spanielcina.linguarte.sk\/de\/wp-json\/wp\/v2\/users\/1"}],"replies":[{"embeddable":true,"href":"https:\/\/spanielcina.linguarte.sk\/de\/wp-json\/wp\/v2\/comments?post=11563"}],"version-history":[{"count":0,"href":"https:\/\/spanielcina.linguarte.sk\/de\/wp-json\/wp\/v2\/pages\/11563\/revisions"}],"wp:attachment":[{"href":"https:\/\/spanielcina.linguarte.sk\/de\/wp-json\/wp\/v2\/media?parent=11563"}],"curies":[{"name":"wp","href":"https:\/\/api.w.org\/{rel}","templated":true}]}}